{"id":286910,"date":"2021-09-04T23:16:08","date_gmt":"2023-12-05T15:30:29","guid":{"rendered":"https:\/\/www.lorenzozangheri.it\/negozio\/uncategorized\/summer-celebration\/"},"modified":"2025-05-30T08:21:56","modified_gmt":"2025-05-30T08:21:56","slug":"summer-celebration","status":"publish","type":"product","link":"https:\/\/www.lorenzozangheri.it\/en\/negozio\/greeting-cards\/birthday-cards\/summer-celebration\/","title":{"rendered":"Summer celebration"},"content":{"rendered":"<p>[et_pb_section fb_built=&#8221;1&#8243; _builder_version=&#8221;4.22.1&#8243; _module_preset=&#8221;default&#8221; global_colors_info=&#8221;{}&#8221;][\/et_pb_section]<\/p>\n","protected":false},"excerpt":{"rendered":"<p>Exclusive and elegant Birthday card taken from <em>Summer celebration<\/em>, an original Lorenzo Zangheri&#8217;s artwork. It may be paired with author&#8217;s envelope and the relative poetic bookmark.<\/p>\n<h3>Poetic note<\/h3>\n<div class=\"nota-poetica\">\n<p>\u2026 and then we became aware of the moon and her guidance:<br \/>\nwe hadn\u2019t paid attention to the sea, nor to that instant, ours alone;<br \/>\nin the end, we opted for a good dive and revived the complicity of a never-lost friendship.<\/p>\n<\/div>\n","protected":false},"featured_media":25603,"template":"","meta":{"_et_pb_use_builder":"on","_et_pb_old_content":"Biglietto artistico con a fronte pagina l'opera originale dell\u2019artista Lorenzo Zangheri dal titolo <em>Festa d'estate<\/em>. Soggetto figurativo-concettuale realizzato con tecnica mista e riprodotto tramite stampa su carta martellata tipo \u201cModigliani\u201d 260 gr in formato 115\u00d7158 mm.\r\n\r\nOltre che scrigno di un sentimento espresso attraverso un messaggio scritto, il presente biglietto di auguri pu\u00f2 trasformarsi in un quadro adattabile facilmente a qualsiasi ambiente in virt\u00f9 delle sue tonalit\u00e0 soft e pastello. Come il segnalibro che lo accompagna, viene concepito come \u201cregalo nel regalo\u201d, un modo per continuare a regalare emozioni nel tempo e restare nel cuore anche finita l\u2019occasione di festa.\r\n\r\nQuesta versatilit\u00e0 lo rende idoneo non solo per fare gli auguri di buon compleanno ma anche per celebrare momenti unici tra amici e in famiglia.\r\n<h4>Caratteristiche del biglietto<\/h4>\r\n\u2022 Titolo: \u201cFesta d'estate\u201d\r\n\u2022 Collezione: \u201cBuona Vita\u201d\r\n\u2022 Anno: 2021\r\n\u2022 Motivo: figurativo concettuale\r\n\u2022 Best for: auguri di Compleanno, Ferragosto, Battesimo, Amicizia\r\n\u2022 Carta: carta martellata \u201cModigliani\u201d 260 gr\r\n\u2022 Dimensioni: 115 x 158 mm (biglietto ripiegato)\r\n\u2022 Formato: verticale\r\n\u2022 Busta: inclusa","_et_gb_content_width":""},"product_brand":[],"product_cat":[140],"product_tag":[110,116],"class_list":{"0":"post-286910","1":"product","2":"type-product","3":"status-publish","4":"has-post-thumbnail","6":"product_cat-birthday-cards","7":"product_tag-2021-en","8":"product_tag-friendship","10":"first","11":"instock","12":"purchasable","13":"product-type-variable"},"yoast_head":"<!-- This site is optimized with the Yoast SEO plugin v27.1.1 - https:\/\/yoast.com\/product\/yoast-seo-wordpress\/ -->\n<title>Summer celebration - Birthday card | Lorenzo Zangheri Arte<\/title>\n<meta name=\"description\" content=\"Summer celebration, an artistic greeting card perfect to be framed is suitable for special and unique birthday wishes. Poetic bookmark and eco-friendly wrapper | For B2B too\" \/>\n<meta name=\"robots\" content=\"index, follow, max-snippet:-1, max-image-preview:large, max-video-preview:-1\" \/>\n<link rel=\"canonical\" href=\"https:\/\/www.lorenzozangheri.it\/en\/negozio\/greeting-cards\/birthday-cards\/summer-celebration\/\" \/>\n<meta property=\"og:locale\" content=\"en_US\" \/>\n<meta property=\"og:type\" content=\"article\" \/>\n<meta property=\"og:title\" content=\"Summer celebration - Birthday card | Lorenzo Zangheri Arte\" \/>\n<meta property=\"og:description\" content=\"Summer celebration, an artistic greeting card perfect to be framed is suitable for special and unique birthday wishes. Poetic bookmark and eco-friendly wrapper | For B2B too\" \/>\n<meta property=\"og:url\" content=\"https:\/\/www.lorenzozangheri.it\/en\/negozio\/greeting-cards\/birthday-cards\/summer-celebration\/\" \/>\n<meta property=\"og:site_name\" content=\"Lorenzo Zangheri Arte\" \/>\n<meta property=\"article:modified_time\" content=\"2025-05-30T08:21:56+00:00\" \/>\n<meta property=\"og:image\" content=\"https:\/\/www.lorenzozangheri.it\/wp-content\/uploads\/2023\/09\/B04-FESTA-DESTATE-Lorenzo-Zangheri.webp\" \/>\n\t<meta property=\"og:image:width\" content=\"708\" \/>\n\t<meta property=\"og:image:height\" content=\"1000\" \/>\n\t<meta property=\"og:image:type\" content=\"image\/webp\" \/>\n<meta name=\"twitter:card\" content=\"summary_large_image\" \/>\n<meta name=\"twitter:label1\" content=\"Est. reading time\" \/>\n\t<meta name=\"twitter:data1\" content=\"1 minute\" \/>\n<script type=\"application\/ld+json\" class=\"yoast-schema-graph\">{\"@context\":\"https:\/\/schema.org\",\"@graph\":[{\"@type\":\"WebPage\",\"@id\":\"https:\/\/www.lorenzozangheri.it\/en\/negozio\/greeting-cards\/birthday-cards\/summer-celebration\/\",\"url\":\"https:\/\/www.lorenzozangheri.it\/en\/negozio\/greeting-cards\/birthday-cards\/summer-celebration\/\",\"name\":\"Summer celebration - Birthday card | Lorenzo Zangheri Arte\",\"isPartOf\":{\"@id\":\"https:\/\/www.lorenzozangheri.it\/en\/#website\"},\"primaryImageOfPage\":{\"@id\":\"https:\/\/www.lorenzozangheri.it\/en\/negozio\/greeting-cards\/birthday-cards\/summer-celebration\/#primaryimage\"},\"image\":{\"@id\":\"https:\/\/www.lorenzozangheri.it\/en\/negozio\/greeting-cards\/birthday-cards\/summer-celebration\/#primaryimage\"},\"thumbnailUrl\":\"https:\/\/www.lorenzozangheri.it\/wp-content\/uploads\/2023\/09\/B04-FESTA-DESTATE-Lorenzo-Zangheri.webp\",\"datePublished\":\"2023-12-05T15:30:29+00:00\",\"dateModified\":\"2025-05-30T08:21:56+00:00\",\"description\":\"Summer celebration, an artistic greeting card perfect to be framed is suitable for special and unique birthday wishes. Poetic bookmark and eco-friendly wrapper | For B2B too\",\"breadcrumb\":{\"@id\":\"https:\/\/www.lorenzozangheri.it\/en\/negozio\/greeting-cards\/birthday-cards\/summer-celebration\/#breadcrumb\"},\"inLanguage\":\"en-US\",\"potentialAction\":[{\"@type\":\"ReadAction\",\"target\":[\"https:\/\/www.lorenzozangheri.it\/en\/negozio\/greeting-cards\/birthday-cards\/summer-celebration\/\"]}]},{\"@type\":\"ImageObject\",\"inLanguage\":\"en-US\",\"@id\":\"https:\/\/www.lorenzozangheri.it\/en\/negozio\/greeting-cards\/birthday-cards\/summer-celebration\/#primaryimage\",\"url\":\"https:\/\/www.lorenzozangheri.it\/wp-content\/uploads\/2023\/09\/B04-FESTA-DESTATE-Lorenzo-Zangheri.webp\",\"contentUrl\":\"https:\/\/www.lorenzozangheri.it\/wp-content\/uploads\/2023\/09\/B04-FESTA-DESTATE-Lorenzo-Zangheri.webp\",\"width\":708,\"height\":1000},{\"@type\":\"BreadcrumbList\",\"@id\":\"https:\/\/www.lorenzozangheri.it\/en\/negozio\/greeting-cards\/birthday-cards\/summer-celebration\/#breadcrumb\",\"itemListElement\":[{\"@type\":\"ListItem\",\"position\":1,\"name\":\"Home\",\"item\":\"https:\/\/www.lorenzozangheri.it\/en\/home\/\"},{\"@type\":\"ListItem\",\"position\":2,\"name\":\"Shop\",\"item\":\"https:\/\/www.lorenzozangheri.it\/en\/shop\/\"},{\"@type\":\"ListItem\",\"position\":3,\"name\":\"Summer celebration\"}]},{\"@type\":\"WebSite\",\"@id\":\"https:\/\/www.lorenzozangheri.it\/en\/#website\",\"url\":\"https:\/\/www.lorenzozangheri.it\/en\/\",\"name\":\"Lorenzo Zangheri Arte\",\"description\":\"Sito ufficiale di Lorenzo Zangheri\",\"potentialAction\":[{\"@type\":\"SearchAction\",\"target\":{\"@type\":\"EntryPoint\",\"urlTemplate\":\"https:\/\/www.lorenzozangheri.it\/en\/?s={search_term_string}\"},\"query-input\":{\"@type\":\"PropertyValueSpecification\",\"valueRequired\":true,\"valueName\":\"search_term_string\"}}],\"inLanguage\":\"en-US\"}]}<\/script>\n<!-- \/ Yoast SEO plugin. -->","yoast_head_json":{"title":"Summer celebration - Birthday card | Lorenzo Zangheri Arte","description":"Summer celebration, an artistic greeting card perfect to be framed is suitable for special and unique birthday wishes. Poetic bookmark and eco-friendly wrapper | For B2B too","robots":{"index":"index","follow":"follow","max-snippet":"max-snippet:-1","max-image-preview":"max-image-preview:large","max-video-preview":"max-video-preview:-1"},"canonical":"https:\/\/www.lorenzozangheri.it\/en\/negozio\/greeting-cards\/birthday-cards\/summer-celebration\/","og_locale":"en_US","og_type":"article","og_title":"Summer celebration - Birthday card | Lorenzo Zangheri Arte","og_description":"Summer celebration, an artistic greeting card perfect to be framed is suitable for special and unique birthday wishes. Poetic bookmark and eco-friendly wrapper | For B2B too","og_url":"https:\/\/www.lorenzozangheri.it\/en\/negozio\/greeting-cards\/birthday-cards\/summer-celebration\/","og_site_name":"Lorenzo Zangheri Arte","article_modified_time":"2025-05-30T08:21:56+00:00","og_image":[{"width":708,"height":1000,"url":"https:\/\/www.lorenzozangheri.it\/wp-content\/uploads\/2023\/09\/B04-FESTA-DESTATE-Lorenzo-Zangheri.webp","type":"image\/webp"}],"twitter_card":"summary_large_image","twitter_misc":{"Est. reading time":"1 minute"},"schema":{"@context":"https:\/\/schema.org","@graph":[{"@type":"WebPage","@id":"https:\/\/www.lorenzozangheri.it\/en\/negozio\/greeting-cards\/birthday-cards\/summer-celebration\/","url":"https:\/\/www.lorenzozangheri.it\/en\/negozio\/greeting-cards\/birthday-cards\/summer-celebration\/","name":"Summer celebration - Birthday card | Lorenzo Zangheri Arte","isPartOf":{"@id":"https:\/\/www.lorenzozangheri.it\/en\/#website"},"primaryImageOfPage":{"@id":"https:\/\/www.lorenzozangheri.it\/en\/negozio\/greeting-cards\/birthday-cards\/summer-celebration\/#primaryimage"},"image":{"@id":"https:\/\/www.lorenzozangheri.it\/en\/negozio\/greeting-cards\/birthday-cards\/summer-celebration\/#primaryimage"},"thumbnailUrl":"https:\/\/www.lorenzozangheri.it\/wp-content\/uploads\/2023\/09\/B04-FESTA-DESTATE-Lorenzo-Zangheri.webp","datePublished":"2023-12-05T15:30:29+00:00","dateModified":"2025-05-30T08:21:56+00:00","description":"Summer celebration, an artistic greeting card perfect to be framed is suitable for special and unique birthday wishes. Poetic bookmark and eco-friendly wrapper | For B2B too","breadcrumb":{"@id":"https:\/\/www.lorenzozangheri.it\/en\/negozio\/greeting-cards\/birthday-cards\/summer-celebration\/#breadcrumb"},"inLanguage":"en-US","potentialAction":[{"@type":"ReadAction","target":["https:\/\/www.lorenzozangheri.it\/en\/negozio\/greeting-cards\/birthday-cards\/summer-celebration\/"]}]},{"@type":"ImageObject","inLanguage":"en-US","@id":"https:\/\/www.lorenzozangheri.it\/en\/negozio\/greeting-cards\/birthday-cards\/summer-celebration\/#primaryimage","url":"https:\/\/www.lorenzozangheri.it\/wp-content\/uploads\/2023\/09\/B04-FESTA-DESTATE-Lorenzo-Zangheri.webp","contentUrl":"https:\/\/www.lorenzozangheri.it\/wp-content\/uploads\/2023\/09\/B04-FESTA-DESTATE-Lorenzo-Zangheri.webp","width":708,"height":1000},{"@type":"BreadcrumbList","@id":"https:\/\/www.lorenzozangheri.it\/en\/negozio\/greeting-cards\/birthday-cards\/summer-celebration\/#breadcrumb","itemListElement":[{"@type":"ListItem","position":1,"name":"Home","item":"https:\/\/www.lorenzozangheri.it\/en\/home\/"},{"@type":"ListItem","position":2,"name":"Shop","item":"https:\/\/www.lorenzozangheri.it\/en\/shop\/"},{"@type":"ListItem","position":3,"name":"Summer celebration"}]},{"@type":"WebSite","@id":"https:\/\/www.lorenzozangheri.it\/en\/#website","url":"https:\/\/www.lorenzozangheri.it\/en\/","name":"Lorenzo Zangheri Arte","description":"Sito ufficiale di Lorenzo Zangheri","potentialAction":[{"@type":"SearchAction","target":{"@type":"EntryPoint","urlTemplate":"https:\/\/www.lorenzozangheri.it\/en\/?s={search_term_string}"},"query-input":{"@type":"PropertyValueSpecification","valueRequired":true,"valueName":"search_term_string"}}],"inLanguage":"en-US"}]}},"_links":{"self":[{"href":"https:\/\/www.lorenzozangheri.it\/en\/wp-json\/wp\/v2\/product\/286910","targetHints":{"allow":["GET"]}}],"collection":[{"href":"https:\/\/www.lorenzozangheri.it\/en\/wp-json\/wp\/v2\/product"}],"about":[{"href":"https:\/\/www.lorenzozangheri.it\/en\/wp-json\/wp\/v2\/types\/product"}],"wp:featuredmedia":[{"embeddable":true,"href":"https:\/\/www.lorenzozangheri.it\/en\/wp-json\/wp\/v2\/media\/25603"}],"wp:attachment":[{"href":"https:\/\/www.lorenzozangheri.it\/en\/wp-json\/wp\/v2\/media?parent=286910"}],"wp:term":[{"taxonomy":"product_brand","embeddable":true,"href":"https:\/\/www.lorenzozangheri.it\/en\/wp-json\/wp\/v2\/product_brand?post=286910"},{"taxonomy":"product_cat","embeddable":true,"href":"https:\/\/www.lorenzozangheri.it\/en\/wp-json\/wp\/v2\/product_cat?post=286910"},{"taxonomy":"product_tag","embeddable":true,"href":"https:\/\/www.lorenzozangheri.it\/en\/wp-json\/wp\/v2\/product_tag?post=286910"}],"curies":[{"name":"wp","href":"https:\/\/api.w.org\/{rel}","templated":true}]}}