{"id":286865,"date":"2021-09-06T23:31:35","date_gmt":"2023-12-05T11:53:11","guid":{"rendered":"https:\/\/www.lorenzozangheri.it\/negozio\/uncategorized\/mother\/"},"modified":"2024-06-03T09:15:08","modified_gmt":"2024-06-03T09:15:08","slug":"mother","status":"publish","type":"product","link":"https:\/\/www.lorenzozangheri.it\/en\/negozio\/greeting-cards\/birthday-cards\/mother\/","title":{"rendered":"Mother"},"content":{"rendered":"<p>[et_pb_section fb_built=&#8221;1&#8243; _builder_version=&#8221;4.22.1&#8243; _module_preset=&#8221;default&#8221; global_colors_info=&#8221;{}&#8221;][\/et_pb_section]<\/p>\n","protected":false},"excerpt":{"rendered":"<p>Exclusive and elegant Birthday card taken from <em>Mother<\/em>, an original Lorenzo Zangheri&#8217;s artwork. It may be paired with author&#8217;s envelope and the relative poetic bookmark.<\/p>\n<h3>Poetic note<\/h3>\n<div class=\"nota-poetica\">\n<p>Despite the passing of time,<br \/>\nthat connection stayed unaltered:<br \/>\njust like she would feel her son even beyond the horizon,<br \/>\nhe would always be able to locate the lighthouse in which she lived.<\/p>\n<\/div>\n","protected":false},"featured_media":25607,"template":"","meta":{"_et_pb_use_builder":"on","_et_pb_old_content":"Biglietto artistico con a fronte pagina l'opera originale dell\u2019artista Lorenzo Zangheri dal titolo <em>Madre 2021<\/em>. Soggetto figurativo-concettuale realizzato con tecnica mista e riprodotto tramite stampa su carta martellata tipo \u201cModigliani\u201d 260 gr in formato 115\u00d7158 mm.\r\n\r\nOltre che scrigno di un sentimento espresso attraverso un messaggio scritto, il presente biglietto di auguri pu\u00f2 trasformarsi in un quadro adattabile facilmente a qualsiasi ambiente in virt\u00f9 delle sue tonalit\u00e0 soft e pastello. Come il segnalibro che lo accompagna, viene concepito come \u201cregalo nel regalo\u201d, un modo per continuare a regalare emozioni nel tempo e restare nel cuore anche finita l\u2019occasione di festa.\r\n\r\nQuesta versatilit\u00e0 lo rende idoneo non solo per fare gli auguri di buon compleanno ma anche per celebrare momenti unici come la Festa della Mamma.\r\n<h4>Caratteristiche del biglietto<\/h4>\r\n\u2022 Titolo: \u201cMadre\u201d\r\n\u2022 Collezione: \u201cBuona Vita\u201d\r\n\u2022 Anno: 2021\r\n\u2022 Motivo: figurativo concettuale\r\n\u2022 Best for: auguri di compleanno, Festa della mamma\r\n\u2022 Carta: carta martellata \u201cModigliani\u201d 260 gr\r\n\u2022 Dimensioni: 115 x 158 mm (biglietto ripiegato)\r\n\u2022 Formato: verticale\r\n\u2022 Busta: inclusa","_et_gb_content_width":""},"product_brand":[],"product_cat":[140,139],"product_tag":[110,109],"class_list":{"0":"post-286865","1":"product","2":"type-product","3":"status-publish","4":"has-post-thumbnail","6":"product_cat-birthday-cards","7":"product_cat-greeting-cards","8":"product_tag-2021-en","9":"product_tag-mothers-day","11":"first","12":"instock","13":"purchasable","14":"product-type-variable"},"yoast_head":"<!-- This site is optimized with the Yoast SEO plugin v27.1.1 - https:\/\/yoast.com\/product\/yoast-seo-wordpress\/ -->\n<title>Mother - Birthday card | Lorenzo Zangheri Arte<\/title>\n<meta name=\"description\" content=\"Mother, an artistic greeting card perfect to be framed is suitable for special and unique birthday wishes. Poetic bookmark and eco-friendly wrapper | For B2B too\" \/>\n<meta name=\"robots\" content=\"index, follow, max-snippet:-1, max-image-preview:large, max-video-preview:-1\" \/>\n<link rel=\"canonical\" href=\"https:\/\/www.lorenzozangheri.it\/en\/negozio\/greeting-cards\/birthday-cards\/mother\/\" \/>\n<meta property=\"og:locale\" content=\"en_US\" \/>\n<meta property=\"og:type\" content=\"article\" \/>\n<meta property=\"og:title\" content=\"Mother - Birthday card | Lorenzo Zangheri Arte\" \/>\n<meta property=\"og:description\" content=\"Mother, an artistic greeting card perfect to be framed is suitable for special and unique birthday wishes. Poetic bookmark and eco-friendly wrapper | For B2B too\" \/>\n<meta property=\"og:url\" content=\"https:\/\/www.lorenzozangheri.it\/en\/negozio\/greeting-cards\/birthday-cards\/mother\/\" \/>\n<meta property=\"og:site_name\" content=\"Lorenzo Zangheri Arte\" \/>\n<meta property=\"article:modified_time\" content=\"2024-06-03T09:15:08+00:00\" \/>\n<meta property=\"og:image\" content=\"https:\/\/www.lorenzozangheri.it\/wp-content\/uploads\/2023\/09\/B06-MADRE-Lorenzo-Zangheri-Spoleto.webp\" \/>\n\t<meta property=\"og:image:width\" content=\"713\" \/>\n\t<meta property=\"og:image:height\" content=\"1000\" \/>\n\t<meta property=\"og:image:type\" content=\"image\/webp\" \/>\n<meta name=\"twitter:card\" content=\"summary_large_image\" \/>\n<script type=\"application\/ld+json\" class=\"yoast-schema-graph\">{\"@context\":\"https:\/\/schema.org\",\"@graph\":[{\"@type\":\"WebPage\",\"@id\":\"https:\/\/www.lorenzozangheri.it\/en\/negozio\/greeting-cards\/birthday-cards\/mother\/\",\"url\":\"https:\/\/www.lorenzozangheri.it\/en\/negozio\/greeting-cards\/birthday-cards\/mother\/\",\"name\":\"Mother - Birthday card | Lorenzo Zangheri Arte\",\"isPartOf\":{\"@id\":\"https:\/\/www.lorenzozangheri.it\/en\/#website\"},\"primaryImageOfPage\":{\"@id\":\"https:\/\/www.lorenzozangheri.it\/en\/negozio\/greeting-cards\/birthday-cards\/mother\/#primaryimage\"},\"image\":{\"@id\":\"https:\/\/www.lorenzozangheri.it\/en\/negozio\/greeting-cards\/birthday-cards\/mother\/#primaryimage\"},\"thumbnailUrl\":\"https:\/\/www.lorenzozangheri.it\/wp-content\/uploads\/2023\/09\/B06-MADRE-Lorenzo-Zangheri-Spoleto.webp\",\"datePublished\":\"2023-12-05T11:53:11+00:00\",\"dateModified\":\"2024-06-03T09:15:08+00:00\",\"description\":\"Mother, an artistic greeting card perfect to be framed is suitable for special and unique birthday wishes. Poetic bookmark and eco-friendly wrapper | For B2B too\",\"breadcrumb\":{\"@id\":\"https:\/\/www.lorenzozangheri.it\/en\/negozio\/greeting-cards\/birthday-cards\/mother\/#breadcrumb\"},\"inLanguage\":\"en-US\",\"potentialAction\":[{\"@type\":\"ReadAction\",\"target\":[\"https:\/\/www.lorenzozangheri.it\/en\/negozio\/greeting-cards\/birthday-cards\/mother\/\"]}]},{\"@type\":\"ImageObject\",\"inLanguage\":\"en-US\",\"@id\":\"https:\/\/www.lorenzozangheri.it\/en\/negozio\/greeting-cards\/birthday-cards\/mother\/#primaryimage\",\"url\":\"https:\/\/www.lorenzozangheri.it\/wp-content\/uploads\/2023\/09\/B06-MADRE-Lorenzo-Zangheri-Spoleto.webp\",\"contentUrl\":\"https:\/\/www.lorenzozangheri.it\/wp-content\/uploads\/2023\/09\/B06-MADRE-Lorenzo-Zangheri-Spoleto.webp\",\"width\":713,\"height\":1000},{\"@type\":\"BreadcrumbList\",\"@id\":\"https:\/\/www.lorenzozangheri.it\/en\/negozio\/greeting-cards\/birthday-cards\/mother\/#breadcrumb\",\"itemListElement\":[{\"@type\":\"ListItem\",\"position\":1,\"name\":\"Home\",\"item\":\"https:\/\/www.lorenzozangheri.it\/en\/home\/\"},{\"@type\":\"ListItem\",\"position\":2,\"name\":\"Shop\",\"item\":\"https:\/\/www.lorenzozangheri.it\/en\/shop\/\"},{\"@type\":\"ListItem\",\"position\":3,\"name\":\"Mother\"}]},{\"@type\":\"WebSite\",\"@id\":\"https:\/\/www.lorenzozangheri.it\/en\/#website\",\"url\":\"https:\/\/www.lorenzozangheri.it\/en\/\",\"name\":\"Lorenzo Zangheri Arte\",\"description\":\"Sito ufficiale di Lorenzo Zangheri\",\"potentialAction\":[{\"@type\":\"SearchAction\",\"target\":{\"@type\":\"EntryPoint\",\"urlTemplate\":\"https:\/\/www.lorenzozangheri.it\/en\/?s={search_term_string}\"},\"query-input\":{\"@type\":\"PropertyValueSpecification\",\"valueRequired\":true,\"valueName\":\"search_term_string\"}}],\"inLanguage\":\"en-US\"}]}<\/script>\n<!-- \/ Yoast SEO plugin. -->","yoast_head_json":{"title":"Mother - Birthday card | Lorenzo Zangheri Arte","description":"Mother, an artistic greeting card perfect to be framed is suitable for special and unique birthday wishes. Poetic bookmark and eco-friendly wrapper | For B2B too","robots":{"index":"index","follow":"follow","max-snippet":"max-snippet:-1","max-image-preview":"max-image-preview:large","max-video-preview":"max-video-preview:-1"},"canonical":"https:\/\/www.lorenzozangheri.it\/en\/negozio\/greeting-cards\/birthday-cards\/mother\/","og_locale":"en_US","og_type":"article","og_title":"Mother - Birthday card | Lorenzo Zangheri Arte","og_description":"Mother, an artistic greeting card perfect to be framed is suitable for special and unique birthday wishes. Poetic bookmark and eco-friendly wrapper | For B2B too","og_url":"https:\/\/www.lorenzozangheri.it\/en\/negozio\/greeting-cards\/birthday-cards\/mother\/","og_site_name":"Lorenzo Zangheri Arte","article_modified_time":"2024-06-03T09:15:08+00:00","og_image":[{"width":713,"height":1000,"url":"https:\/\/www.lorenzozangheri.it\/wp-content\/uploads\/2023\/09\/B06-MADRE-Lorenzo-Zangheri-Spoleto.webp","type":"image\/webp"}],"twitter_card":"summary_large_image","schema":{"@context":"https:\/\/schema.org","@graph":[{"@type":"WebPage","@id":"https:\/\/www.lorenzozangheri.it\/en\/negozio\/greeting-cards\/birthday-cards\/mother\/","url":"https:\/\/www.lorenzozangheri.it\/en\/negozio\/greeting-cards\/birthday-cards\/mother\/","name":"Mother - Birthday card | Lorenzo Zangheri Arte","isPartOf":{"@id":"https:\/\/www.lorenzozangheri.it\/en\/#website"},"primaryImageOfPage":{"@id":"https:\/\/www.lorenzozangheri.it\/en\/negozio\/greeting-cards\/birthday-cards\/mother\/#primaryimage"},"image":{"@id":"https:\/\/www.lorenzozangheri.it\/en\/negozio\/greeting-cards\/birthday-cards\/mother\/#primaryimage"},"thumbnailUrl":"https:\/\/www.lorenzozangheri.it\/wp-content\/uploads\/2023\/09\/B06-MADRE-Lorenzo-Zangheri-Spoleto.webp","datePublished":"2023-12-05T11:53:11+00:00","dateModified":"2024-06-03T09:15:08+00:00","description":"Mother, an artistic greeting card perfect to be framed is suitable for special and unique birthday wishes. Poetic bookmark and eco-friendly wrapper | For B2B too","breadcrumb":{"@id":"https:\/\/www.lorenzozangheri.it\/en\/negozio\/greeting-cards\/birthday-cards\/mother\/#breadcrumb"},"inLanguage":"en-US","potentialAction":[{"@type":"ReadAction","target":["https:\/\/www.lorenzozangheri.it\/en\/negozio\/greeting-cards\/birthday-cards\/mother\/"]}]},{"@type":"ImageObject","inLanguage":"en-US","@id":"https:\/\/www.lorenzozangheri.it\/en\/negozio\/greeting-cards\/birthday-cards\/mother\/#primaryimage","url":"https:\/\/www.lorenzozangheri.it\/wp-content\/uploads\/2023\/09\/B06-MADRE-Lorenzo-Zangheri-Spoleto.webp","contentUrl":"https:\/\/www.lorenzozangheri.it\/wp-content\/uploads\/2023\/09\/B06-MADRE-Lorenzo-Zangheri-Spoleto.webp","width":713,"height":1000},{"@type":"BreadcrumbList","@id":"https:\/\/www.lorenzozangheri.it\/en\/negozio\/greeting-cards\/birthday-cards\/mother\/#breadcrumb","itemListElement":[{"@type":"ListItem","position":1,"name":"Home","item":"https:\/\/www.lorenzozangheri.it\/en\/home\/"},{"@type":"ListItem","position":2,"name":"Shop","item":"https:\/\/www.lorenzozangheri.it\/en\/shop\/"},{"@type":"ListItem","position":3,"name":"Mother"}]},{"@type":"WebSite","@id":"https:\/\/www.lorenzozangheri.it\/en\/#website","url":"https:\/\/www.lorenzozangheri.it\/en\/","name":"Lorenzo Zangheri Arte","description":"Sito ufficiale di Lorenzo Zangheri","potentialAction":[{"@type":"SearchAction","target":{"@type":"EntryPoint","urlTemplate":"https:\/\/www.lorenzozangheri.it\/en\/?s={search_term_string}"},"query-input":{"@type":"PropertyValueSpecification","valueRequired":true,"valueName":"search_term_string"}}],"inLanguage":"en-US"}]}},"_links":{"self":[{"href":"https:\/\/www.lorenzozangheri.it\/en\/wp-json\/wp\/v2\/product\/286865","targetHints":{"allow":["GET"]}}],"collection":[{"href":"https:\/\/www.lorenzozangheri.it\/en\/wp-json\/wp\/v2\/product"}],"about":[{"href":"https:\/\/www.lorenzozangheri.it\/en\/wp-json\/wp\/v2\/types\/product"}],"wp:featuredmedia":[{"embeddable":true,"href":"https:\/\/www.lorenzozangheri.it\/en\/wp-json\/wp\/v2\/media\/25607"}],"wp:attachment":[{"href":"https:\/\/www.lorenzozangheri.it\/en\/wp-json\/wp\/v2\/media?parent=286865"}],"wp:term":[{"taxonomy":"product_brand","embeddable":true,"href":"https:\/\/www.lorenzozangheri.it\/en\/wp-json\/wp\/v2\/product_brand?post=286865"},{"taxonomy":"product_cat","embeddable":true,"href":"https:\/\/www.lorenzozangheri.it\/en\/wp-json\/wp\/v2\/product_cat?post=286865"},{"taxonomy":"product_tag","embeddable":true,"href":"https:\/\/www.lorenzozangheri.it\/en\/wp-json\/wp\/v2\/product_tag?post=286865"}],"curies":[{"name":"wp","href":"https:\/\/api.w.org\/{rel}","templated":true}]}}